{"id":14623,"date":"2024-07-09T09:41:22","date_gmt":"2024-07-09T07:41:22","guid":{"rendered":"https:\/\/serwissejfow.pl\/?page_id=14623"},"modified":"2025-09-07T19:12:09","modified_gmt":"2025-09-07T17:12:09","slug":"sprzedaz-uzywanych-sejfow","status":"publish","type":"page","link":"https:\/\/serwissejfow.pl\/de\/sprzedaz-uzywanych-sejfow\/","title":{"rendered":"Gebrauchte Tresore"},"content":{"rendered":"<div data-elementor-type=\"wp-page\" data-elementor-id=\"14623\" class=\"elementor elementor-14623\" data-elementor-post-type=\"page\">\n\t\t\t\t\t\t<section class=\"elementor-section elementor-top-section elementor-element elementor-element-791eaffc0 elementor-section-boxed elementor-section-height-default elementor-section-height-default wpr-particle-no wpr-sticky-section-no\" data-id=\"791eaffc0\" data-element_type=\"section\">\n\t\t\t\t\t\t<div class=\"elementor-container elementor-column-gap-default\">\n\t\t\t\t\t<div class=\"elementor-column elementor-col-100 elementor-top-column elementor-element elementor-element-169aed4b\" data-id=\"169aed4b\" data-element_type=\"column\">\n\t\t\t<div class=\"elementor-widget-wrap elementor-element-populated\">\n\t\t\t\t\t\t<div class=\"elementor-element elementor-element-4de9a2c0 wpr-grid-columns-3 wpr-grid-columns--tablet2 wpr-grid-columns--mobile1 wpr-grid-pagination-center wpr-item-styles-inner wpr-atc-popup-bottom elementor-widget elementor-widget-wpr-woo-grid\" data-id=\"4de9a2c0\" data-element_type=\"widget\" data-widget_type=\"wpr-woo-grid.default\">\n\t\t\t\t<div class=\"elementor-widget-container\">\n\t\t\t\t\t<ul class=\"wpr-grid-filters elementor-clearfix wpr-grid-filters-sep-right\"><li class=\"wpr-pointer-underline wpr-pointer-line-fx wpr-pointer-fx-slide\"><span data-filter=\"*\" class=\"wpr-active-filter wpr-pointer-item\"><i class=\"wpr-grid-filters-icon-left\"><\/i>Alle<\/span><em class=\"wpr-grid-filters-sep\"><\/em><\/li><li class=\"wpr-pointer-underline wpr-pointer-line-fx wpr-pointer-fx-slide\"><span class=\"wpr-pointer-item\" data-ajax-filter=\"[\"product_cat\",\"sejfy-uzywane\"]\" data-filter=\".product_cat-sejfy-uzywane\"><i class=\"wpr-grid-filters-icon-left\"><\/i>Gebrauchte Tresore<\/span><em class=\"wpr-grid-filters-sep\"><\/em><\/li><\/ul><section class=\"wpr-grid elementor-clearfix\" data-settings=\"{&quot;layout&quot;:&quot;fitRows&quot;,&quot;stick_last_element_to_bottom&quot;:&quot;&quot;,&quot;columns_desktop&quot;:3,&quot;gutter_hr&quot;:10,&quot;gutter_hr_mobile&quot;:20,&quot;gutter_hr_mobile_extra&quot;:20,&quot;gutter_hr_tablet&quot;:20,&quot;gutter_hr_tablet_extra&quot;:10,&quot;gutter_hr_laptop&quot;:10,&quot;gutter_hr_widescreen&quot;:10,&quot;gutter_vr&quot;:10,&quot;gutter_vr_mobile&quot;:30,&quot;gutter_vr_mobile_extra&quot;:30,&quot;gutter_vr_tablet&quot;:30,&quot;gutter_vr_tablet_extra&quot;:10,&quot;gutter_vr_laptop&quot;:10,&quot;gutter_vr_widescreen&quot;:10,&quot;animation&quot;:&quot;fade&quot;,&quot;animation_duration&quot;:0.3,&quot;animation_delay&quot;:0.1,&quot;deeplinking&quot;:&quot;no&quot;,&quot;filters_linkable&quot;:&quot;no&quot;,&quot;filters_default_filter&quot;:&quot;&quot;,&quot;filters_count&quot;:&quot;no&quot;,&quot;filters_hide_empty&quot;:&quot;&quot;,&quot;filters_animation&quot;:&quot;default&quot;,&quot;filters_animation_duration&quot;:0.3,&quot;filters_animation_delay&quot;:0.1,&quot;pagination_type&quot;:&quot;load-more&quot;,&quot;pagination_max_pages&quot;:1,&quot;query_posts_per_page&quot;:6,&quot;lightbox&quot;:{&quot;selector&quot;:&quot;.wpr-grid-image-wrap&quot;,&quot;iframeMaxWidth&quot;:&quot;60%&quot;,&quot;hash&quot;:false,&quot;autoplay&quot;:&quot;true&quot;,&quot;pause&quot;:5000,&quot;progressBar&quot;:&quot;true&quot;,&quot;counter&quot;:&quot;true&quot;,&quot;controls&quot;:&quot;true&quot;,&quot;getCaptionFromTitleOrAlt&quot;:&quot;true&quot;,&quot;thumbnail&quot;:&quot;true&quot;,&quot;showThumbByDefault&quot;:&quot;true&quot;,&quot;share&quot;:&quot;true&quot;,&quot;zoom&quot;:&quot;true&quot;,&quot;fullScreen&quot;:&quot;true&quot;,&quot;download&quot;:&quot;true&quot;}}\" data-advanced-filters=\"no\" data-found-posts = \"6\"><article class=\"wpr-grid-item elementor-clearfix post-15626 product type-product status-publish has-post-thumbnail product_cat-sejfy-uzywane first instock sale shipping-taxable purchasable product-type-simple\"><div class=\"wpr-grid-item-inner\"><div class=\"wpr-grid-media-wrap wpr-zoom-in wpr-effect-size-small\" data-overlay-link=\"yes\"><div class=\"wpr-grid-image-wrap\" data-src=\"https:\/\/serwissejfow.pl\/wp-content\/uploads\/2026\/03\/1024x1024_1_467.zajitt006e.jpg\"  data-img-on-hover=\"\" data-src-secondary=\"\"><img decoding=\"async\" src=\"https:\/\/serwissejfow.pl\/wp-content\/uploads\/2026\/03\/1024x1024_1_467.zajitt006e.jpg\" alt=\"Szafa ognioodporna na dokumenty CP 1170-00\" class=\"wpr-anim-timing-ease-default\"><\/div><div class=\"wpr-grid-media-hover wpr-animation-wrap\"><div class=\"wpr-grid-media-hover-bg  wpr-overlay-fade-in wpr-anim-size-large wpr-anim-timing-ease-default wpr-anim-transparency\" data-url=\"https:\/\/serwissejfow.pl\/de\/produkt\/szafa-ognioodporna-cp-certos-c4000-1170-00-k\/\"><\/div><\/div><\/div><div class=\"wpr-grid-item-below-content elementor-clearfix\"><h2 class=\"wpr-grid-item-title elementor-repeater-item-e6eb34d wpr-grid-item-display-inline wpr-grid-item-align-left wpr-pointer-none wpr-pointer-line-fx wpr-pointer-fx-slide\"><div class=\"inner-block\"><a target=\"_self\"   href=\"https:\/\/serwissejfow.pl\/de\/produkt\/szafa-ognioodporna-cp-certos-c4000-1170-00-k\/\">Szafa ognioodporna na dokumenty CP 1170-00<\/a><\/div><\/h2><div class=\"wpr-grid-item-price elementor-repeater-item-1f2dcf0 wpr-grid-item-display-block wpr-grid-item-align-left\"><div class=\"inner-block\"><span><del aria-hidden=\"true\"><span class=\"woocommerce-Price-amount amount\">9 912,57&nbsp;<span class=\"woocommerce-Price-currencySymbol\">&#122;&#322;<\/span><\/span><\/del> <span class=\"screen-reader-text\" data-no-translation=\"\" data-trp-gettext=\"\">Urspr\u00fcnglicher Preis war: 9 912,57&nbsp;&#122;&#322;<\/span><ins aria-hidden=\"true\"><span class=\"woocommerce-Price-amount amount\">2 900,00&nbsp;<span class=\"woocommerce-Price-currencySymbol\">&#122;&#322;<\/span><\/span><\/ins><span class=\"screen-reader-text\" data-no-translation=\"\" data-trp-gettext=\"\">Aktueller Preis ist: 2 900,00&nbsp;&#122;&#322;.<\/span><\/span><\/div><\/div><\/div><\/div><\/article><article class=\"wpr-grid-item elementor-clearfix post-15522 product type-product status-publish has-post-thumbnail product_cat-sejfy-uzywane  outofstock shipping-taxable purchasable product-type-simple\"><div class=\"wpr-grid-item-inner\"><div class=\"wpr-grid-media-wrap wpr-zoom-in wpr-effect-size-small\" data-overlay-link=\"yes\"><div class=\"wpr-grid-image-wrap\" data-src=\"https:\/\/serwissejfow.pl\/wp-content\/uploads\/2025\/09\/ChatGPT-Image-1-mar-2026-14_32_28.png\"  data-img-on-hover=\"\" data-src-secondary=\"\"><img decoding=\"async\" src=\"https:\/\/serwissejfow.pl\/wp-content\/uploads\/2025\/09\/ChatGPT-Image-1-mar-2026-14_32_28.png\" alt=\"Bode Panzer \u2013 Panzerschrank \/ Stahlsafe 860 kg\" class=\"wpr-anim-timing-ease-default\"><\/div><div class=\"wpr-grid-media-hover wpr-animation-wrap\"><div class=\"wpr-grid-media-hover-bg  wpr-overlay-fade-in wpr-anim-size-large wpr-anim-timing-ease-default wpr-anim-transparency\" data-url=\"https:\/\/serwissejfow.pl\/de\/produkt\/bode-panzer-panzerschrank-sejf-stalowy-860-kg\/\"><\/div><\/div><\/div><div class=\"wpr-grid-item-below-content elementor-clearfix\"><h2 class=\"wpr-grid-item-title elementor-repeater-item-e6eb34d wpr-grid-item-display-inline wpr-grid-item-align-left wpr-pointer-none wpr-pointer-line-fx wpr-pointer-fx-slide\"><div class=\"inner-block\"><a target=\"_self\"   href=\"https:\/\/serwissejfow.pl\/de\/produkt\/bode-panzer-panzerschrank-sejf-stalowy-860-kg\/\">Bode Panzer \u2013 Panzerschrank \/ Stahlsafe 860 kg<\/a><\/div><\/h2><div class=\"wpr-grid-item-price elementor-repeater-item-1f2dcf0 wpr-grid-item-display-block wpr-grid-item-align-left\"><div class=\"inner-block\"><span><span class=\"woocommerce-Price-amount amount\">4 034,00&nbsp;<span class=\"woocommerce-Price-currencySymbol\">&#122;&#322;<\/span><\/span><\/span><\/div><\/div><\/div><\/div><\/article><article class=\"wpr-grid-item elementor-clearfix post-15511 product type-product status-publish has-post-thumbnail product_cat-sejfy-uzywane last instock shipping-taxable purchasable product-type-simple\"><div class=\"wpr-grid-item-inner\"><div class=\"wpr-grid-media-wrap wpr-zoom-in wpr-effect-size-small\" data-overlay-link=\"yes\"><div class=\"wpr-grid-image-wrap\" data-src=\"https:\/\/serwissejfow.pl\/wp-content\/uploads\/2025\/09\/Master-Lock-Premium-2-Hour-Fire-and-Water-Safe.jpg\"  data-img-on-hover=\"\" data-src-secondary=\"\"><img decoding=\"async\" src=\"https:\/\/serwissejfow.pl\/wp-content\/uploads\/2025\/09\/Master-Lock-Premium-2-Hour-Fire-and-Water-Safe.jpg\" alt=\"Master Lock Premium 2-Stunden-Feuer- und Wasserschutztresor\" class=\"wpr-anim-timing-ease-default\"><\/div><div class=\"wpr-grid-media-hover wpr-animation-wrap\"><div class=\"wpr-grid-media-hover-bg  wpr-overlay-fade-in wpr-anim-size-large wpr-anim-timing-ease-default wpr-anim-transparency\" data-url=\"https:\/\/serwissejfow.pl\/de\/produkt\/master-lock-premium-2-hour-fire-and-water-safe\/\"><\/div><\/div><\/div><div class=\"wpr-grid-item-below-content elementor-clearfix\"><h2 class=\"wpr-grid-item-title elementor-repeater-item-e6eb34d wpr-grid-item-display-inline wpr-grid-item-align-left wpr-pointer-none wpr-pointer-line-fx wpr-pointer-fx-slide\"><div class=\"inner-block\"><a target=\"_self\"   href=\"https:\/\/serwissejfow.pl\/de\/produkt\/master-lock-premium-2-hour-fire-and-water-safe\/\">Master Lock Premium 2-Stunden-Feuer- und Wasserschutztresor<\/a><\/div><\/h2><div class=\"wpr-grid-item-price elementor-repeater-item-1f2dcf0 wpr-grid-item-display-block wpr-grid-item-align-left\"><div class=\"inner-block\"><span><span class=\"woocommerce-Price-amount amount\">1 500,00&nbsp;<span class=\"woocommerce-Price-currencySymbol\">&#122;&#322;<\/span><\/span><\/span><\/div><\/div><\/div><\/div><\/article><article class=\"wpr-grid-item elementor-clearfix post-15483 product type-product status-publish has-post-thumbnail product_cat-sejfy-uzywane first instock shipping-taxable purchasable product-type-simple\"><div class=\"wpr-grid-item-inner\"><div class=\"wpr-grid-media-wrap wpr-zoom-in wpr-effect-size-small\" data-overlay-link=\"yes\"><div class=\"wpr-grid-image-wrap\" data-src=\"https:\/\/serwissejfow.pl\/wp-content\/uploads\/2025\/09\/Szafa-Ognioodporna-Sagerer-Tresore-zamek-elektroniczny.jpg\"  data-img-on-hover=\"\" data-src-secondary=\"\"><img decoding=\"async\" src=\"https:\/\/serwissejfow.pl\/wp-content\/uploads\/2025\/09\/Szafa-Ognioodporna-Sagerer-Tresore-zamek-elektroniczny.jpg\" alt=\"Szafa Ognioodporna Sagerer Tresore &#8211; zamek elektroniczny\" class=\"wpr-anim-timing-ease-default\"><\/div><div class=\"wpr-grid-media-hover wpr-animation-wrap\"><div class=\"wpr-grid-media-hover-bg  wpr-overlay-fade-in wpr-anim-size-large wpr-anim-timing-ease-default wpr-anim-transparency\" data-url=\"https:\/\/serwissejfow.pl\/de\/produkt\/szafa-ognioodporna-sagerer-tresore-zamek-elektroniczny\/\"><\/div><\/div><\/div><div class=\"wpr-grid-item-below-content elementor-clearfix\"><h2 class=\"wpr-grid-item-title elementor-repeater-item-e6eb34d wpr-grid-item-display-inline wpr-grid-item-align-left wpr-pointer-none wpr-pointer-line-fx wpr-pointer-fx-slide\"><div class=\"inner-block\"><a target=\"_self\"   href=\"https:\/\/serwissejfow.pl\/de\/produkt\/szafa-ognioodporna-sagerer-tresore-zamek-elektroniczny\/\">Feuerfester Schrank Sagerer Tresore \u2013 elektronisches Schloss<\/a><\/div><\/h2><div class=\"wpr-grid-item-price elementor-repeater-item-1f2dcf0 wpr-grid-item-display-block wpr-grid-item-align-left\"><div class=\"inner-block\"><span><span class=\"woocommerce-Price-amount amount\">2 000,00&nbsp;<span class=\"woocommerce-Price-currencySymbol\">&#122;&#322;<\/span><\/span><\/span><\/div><\/div><\/div><\/div><\/article><article class=\"wpr-grid-item elementor-clearfix post-15263 product type-product status-publish has-post-thumbnail product_cat-sejfy-uzywane  instock sale shipping-taxable purchasable product-type-simple\"><div class=\"wpr-grid-item-inner\"><div class=\"wpr-grid-media-wrap wpr-zoom-in wpr-effect-size-small\" data-overlay-link=\"yes\"><div class=\"wpr-grid-image-wrap\" data-src=\"https:\/\/serwissejfow.pl\/wp-content\/uploads\/2025\/08\/27635548-53c4-4a99-b37e-b1d6440ddc24.png\"  data-img-on-hover=\"\" data-src-secondary=\"\"><img decoding=\"async\" src=\"https:\/\/serwissejfow.pl\/wp-content\/uploads\/2025\/08\/27635548-53c4-4a99-b37e-b1d6440ddc24.png\" alt=\"Sejf ognioodporny HAMBURG 45002\" class=\"wpr-anim-timing-ease-default\"><\/div><div class=\"wpr-grid-media-hover wpr-animation-wrap\"><div class=\"wpr-grid-media-hover-bg  wpr-overlay-fade-in wpr-anim-size-large wpr-anim-timing-ease-default wpr-anim-transparency\" data-url=\"https:\/\/serwissejfow.pl\/de\/produkt\/sejf-ognioodporny-hamburg-45002\/\"><\/div><\/div><\/div><div class=\"wpr-grid-item-below-content elementor-clearfix\"><h2 class=\"wpr-grid-item-title elementor-repeater-item-e6eb34d wpr-grid-item-display-inline wpr-grid-item-align-left wpr-pointer-none wpr-pointer-line-fx wpr-pointer-fx-slide\"><div class=\"inner-block\"><a target=\"_self\"   href=\"https:\/\/serwissejfow.pl\/de\/produkt\/sejf-ognioodporny-hamburg-45002\/\">Sejf ognioodporny HAMBURG 45002<\/a><\/div><\/h2><div class=\"wpr-grid-item-price elementor-repeater-item-1f2dcf0 wpr-grid-item-display-block wpr-grid-item-align-left\"><div class=\"inner-block\"><span><del aria-hidden=\"true\"><span class=\"woocommerce-Price-amount amount\">9 987,21&nbsp;<span class=\"woocommerce-Price-currencySymbol\">&#122;&#322;<\/span><\/span><\/del> <span class=\"screen-reader-text\" data-no-translation=\"\" data-trp-gettext=\"\">Urspr\u00fcnglicher Preis war: 9 987,21&nbsp;&#122;&#322;<\/span><ins aria-hidden=\"true\"><span class=\"woocommerce-Price-amount amount\">2 750,00&nbsp;<span class=\"woocommerce-Price-currencySymbol\">&#122;&#322;<\/span><\/span><\/ins><span class=\"screen-reader-text\" data-no-translation=\"\" data-trp-gettext=\"\">Aktueller Preis ist: 2 750,00&nbsp;&#122;&#322;.<\/span><\/span><\/div><\/div><\/div><\/div><\/article><article class=\"wpr-grid-item elementor-clearfix post-15155 product type-product status-publish has-post-thumbnail product_cat-sejfy-uzywane last instock shipping-taxable purchasable product-type-simple\"><div class=\"wpr-grid-item-inner\"><div class=\"wpr-grid-media-wrap wpr-zoom-in wpr-effect-size-small\" data-overlay-link=\"yes\"><div class=\"wpr-grid-image-wrap\" data-src=\"https:\/\/serwissejfow.pl\/wp-content\/uploads\/2025\/08\/Master-Lock-56.5L-Office-Safe-1.jpg\"  data-img-on-hover=\"\" data-src-secondary=\"\"><img decoding=\"async\" src=\"https:\/\/serwissejfow.pl\/wp-content\/uploads\/2025\/08\/Master-Lock-56.5L-Office-Safe-1.jpg\" alt=\"Master\u202fLock 56.5L LFW205TWC\" class=\"wpr-anim-timing-ease-default\"><\/div><div class=\"wpr-grid-media-hover wpr-animation-wrap\"><div class=\"wpr-grid-media-hover-bg  wpr-overlay-fade-in wpr-anim-size-large wpr-anim-timing-ease-default wpr-anim-transparency\" data-url=\"https:\/\/serwissejfow.pl\/de\/produkt\/master-lock-56-5l-lfw205twc\/\"><\/div><\/div><\/div><div class=\"wpr-grid-item-below-content elementor-clearfix\"><h2 class=\"wpr-grid-item-title elementor-repeater-item-e6eb34d wpr-grid-item-display-inline wpr-grid-item-align-left wpr-pointer-none wpr-pointer-line-fx wpr-pointer-fx-slide\"><div class=\"inner-block\"><a target=\"_self\"   href=\"https:\/\/serwissejfow.pl\/de\/produkt\/master-lock-56-5l-lfw205twc\/\">Master\u202fLock 56.5L LFW205TWC<\/a><\/div><\/h2><div class=\"wpr-grid-item-price elementor-repeater-item-1f2dcf0 wpr-grid-item-display-block wpr-grid-item-align-left\"><div class=\"inner-block\"><span><span class=\"woocommerce-Price-amount amount\">1 500,00&nbsp;<span class=\"woocommerce-Price-currencySymbol\">&#122;&#322;<\/span><\/span><\/span><\/div><\/div><\/div><\/div><\/article><\/section>\t\t\t\t<\/div>\n\t\t\t\t<\/div>\n\t\t\t\t\t<\/div>\n\t\t<\/div>\n\t\t\t\t\t<\/div>\n\t\t<\/section>\n\t\t\t\t<\/div>","protected":false},"excerpt":{"rendered":"<p>All Sejfy u\u017cywane Szafa Ognioodporna Sagerer Tresore &#8211; zamek elektroniczny 2 000,00&nbsp;&#122;&#322; Burg W\u00e4chter Magno\u00a0M540 1 900,00&nbsp;&#122;&#322; Master\u202fLock (SentrySafe) LFW205TWC 1 500,00&nbsp;&#122;&#322;<\/p>","protected":false},"author":1,"featured_media":0,"parent":0,"menu_order":0,"comment_status":"closed","ping_status":"closed","template":"","meta":{"_monsterinsights_skip_tracking":false,"_monsterinsights_sitenote_active":false,"_monsterinsights_sitenote_note":"","_monsterinsights_sitenote_category":0,"footnotes":""},"class_list":["post-14623","page","type-page","status-publish","hentry"],"yoast_head":"<!-- This site is optimized with the Yoast SEO Premium plugin v25.6 (Yoast SEO v26.7) - https:\/\/yoast.com\/wordpress\/plugins\/seo\/ -->\n<title>Sejfy u\u017cywane - Profesjonalny Serwis Sejf\u00f3w i Kas Pancernych<\/title>\n<meta name=\"robots\" content=\"index, follow, max-snippet:-1, max-image-preview:large, max-video-preview:-1\" \/>\n<link rel=\"canonical\" href=\"https:\/\/serwissejfow.pl\/de\/sprzedaz-uzywanych-sejfow\/\" \/>\n<meta property=\"og:locale\" content=\"de_DE\" \/>\n<meta property=\"og:type\" content=\"article\" \/>\n<meta property=\"og:title\" content=\"Sejfy u\u017cywane\" \/>\n<meta property=\"og:description\" content=\"All Sejfy u\u017cywane Szafa Ognioodporna Sagerer Tresore &#8211; zamek elektroniczny 2 000,00&nbsp;&#122;&#322; Burg W\u00e4chter Magno\u00a0M540 1 900,00&nbsp;&#122;&#322; Master\u202fLock (SentrySafe) LFW205TWC 1 500,00&nbsp;&#122;&#322;\" \/>\n<meta property=\"og:url\" content=\"https:\/\/serwissejfow.pl\/de\/sprzedaz-uzywanych-sejfow\/\" \/>\n<meta property=\"og:site_name\" content=\"Profesjonalny Serwis Sejf\u00f3w i Kas Pancernych\" \/>\n<meta property=\"article:modified_time\" content=\"2025-09-07T17:12:09+00:00\" \/>\n<meta property=\"og:image\" content=\"https:\/\/serwissejfow.pl\/wp-content\/uploads\/2025\/09\/7c0d410c4d619b0653dbe545e95f-removebg-preview.png\" \/>\n<meta name=\"twitter:card\" content=\"summary_large_image\" \/>\n<meta name=\"twitter:label1\" content=\"Gesch\u00e4tzte Lesezeit\" \/>\n\t<meta name=\"twitter:data1\" content=\"1\u00a0Minute\" \/>\n<script type=\"application\/ld+json\" class=\"yoast-schema-graph\">{\"@context\":\"https:\/\/schema.org\",\"@graph\":[{\"@type\":\"WebPage\",\"@id\":\"https:\/\/serwissejfow.pl\/sprzedaz-uzywanych-sejfow\/\",\"url\":\"https:\/\/serwissejfow.pl\/sprzedaz-uzywanych-sejfow\/\",\"name\":\"Sejfy u\u017cywane - Profesjonalny Serwis Sejf\u00f3w i Kas Pancernych\",\"isPartOf\":{\"@id\":\"https:\/\/serwissejfow.pl\/#website\"},\"primaryImageOfPage\":{\"@id\":\"https:\/\/serwissejfow.pl\/sprzedaz-uzywanych-sejfow\/#primaryimage\"},\"image\":{\"@id\":\"https:\/\/serwissejfow.pl\/sprzedaz-uzywanych-sejfow\/#primaryimage\"},\"thumbnailUrl\":\"https:\/\/serwissejfow.pl\/wp-content\/uploads\/2025\/09\/7c0d410c4d619b0653dbe545e95f-removebg-preview.png\",\"datePublished\":\"2024-07-09T07:41:22+00:00\",\"dateModified\":\"2025-09-07T17:12:09+00:00\",\"breadcrumb\":{\"@id\":\"https:\/\/serwissejfow.pl\/sprzedaz-uzywanych-sejfow\/#breadcrumb\"},\"inLanguage\":\"de\",\"potentialAction\":[{\"@type\":\"ReadAction\",\"target\":[\"https:\/\/serwissejfow.pl\/sprzedaz-uzywanych-sejfow\/\"]}]},{\"@type\":\"ImageObject\",\"inLanguage\":\"de\",\"@id\":\"https:\/\/serwissejfow.pl\/sprzedaz-uzywanych-sejfow\/#primaryimage\",\"url\":\"https:\/\/serwissejfow.pl\/wp-content\/uploads\/2025\/09\/7c0d410c4d619b0653dbe545e95f-removebg-preview.png\",\"contentUrl\":\"https:\/\/serwissejfow.pl\/wp-content\/uploads\/2025\/09\/7c0d410c4d619b0653dbe545e95f-removebg-preview.png\"},{\"@type\":\"BreadcrumbList\",\"@id\":\"https:\/\/serwissejfow.pl\/sprzedaz-uzywanych-sejfow\/#breadcrumb\",\"itemListElement\":[{\"@type\":\"ListItem\",\"position\":1,\"name\":\"Home\",\"item\":\"https:\/\/serwissejfow.pl\/\"},{\"@type\":\"ListItem\",\"position\":2,\"name\":\"Sejfy u\u017cywane\"}]},{\"@type\":\"WebSite\",\"@id\":\"https:\/\/serwissejfow.pl\/#website\",\"url\":\"https:\/\/serwissejfow.pl\/\",\"name\":\"Serwis Sejf\u00f3w- Zielona G\u00f3ra, Nowa S\u00f3l, Boles\u0142awiec - Profesjonalne Us\u0142ugi Serwisowe i Konserwacyjne\",\"description\":\"Awaryjne otwieranie i naprawa sejf\u00f3w \u2013 Zielona G\u00f3ra, Boles\u0142awiec, Nowa S\u00f3l, \u017bary, \u017baga\u0144, Gubin, G\u0142og\u00f3w\",\"publisher\":{\"@id\":\"https:\/\/serwissejfow.pl\/#organization\"},\"potentialAction\":[{\"@type\":\"SearchAction\",\"target\":{\"@type\":\"EntryPoint\",\"urlTemplate\":\"https:\/\/serwissejfow.pl\/?s={search_term_string}\"},\"query-input\":{\"@type\":\"PropertyValueSpecification\",\"valueRequired\":true,\"valueName\":\"search_term_string\"}}],\"inLanguage\":\"de\"},{\"@type\":\"Organization\",\"@id\":\"https:\/\/serwissejfow.pl\/#organization\",\"name\":\"Serwis Sejf\u00f3w- Zielona G\u00f3ra, Nowa S\u00f3l, Boles\u0142awiec - Profesjonalne Us\u0142ugi Serwisowe i Konserwacyjne\",\"url\":\"https:\/\/serwissejfow.pl\/\",\"logo\":{\"@type\":\"ImageObject\",\"inLanguage\":\"de\",\"@id\":\"https:\/\/serwissejfow.pl\/#\/schema\/logo\/image\/\",\"url\":\"https:\/\/serwissejfow.pl\/wp-content\/uploads\/2024\/07\/serwis-kas-pancernych.webp\",\"contentUrl\":\"https:\/\/serwissejfow.pl\/wp-content\/uploads\/2024\/07\/serwis-kas-pancernych.webp\",\"width\":172,\"height\":147,\"caption\":\"Serwis Sejf\u00f3w- Zielona G\u00f3ra, Nowa S\u00f3l, Boles\u0142awiec - Profesjonalne Us\u0142ugi Serwisowe i Konserwacyjne\"},\"image\":{\"@id\":\"https:\/\/serwissejfow.pl\/#\/schema\/logo\/image\/\"}}]}<\/script>\n<!-- \/ Yoast SEO Premium plugin. -->","yoast_head_json":{"title":"Sejfy u\u017cywane - Profesjonalny Serwis Sejf\u00f3w i Kas Pancernych","robots":{"index":"index","follow":"follow","max-snippet":"max-snippet:-1","max-image-preview":"max-image-preview:large","max-video-preview":"max-video-preview:-1"},"canonical":"https:\/\/serwissejfow.pl\/de\/sprzedaz-uzywanych-sejfow\/","og_locale":"de_DE","og_type":"article","og_title":"Sejfy u\u017cywane","og_description":"All Sejfy u\u017cywane Szafa Ognioodporna Sagerer Tresore &#8211; zamek elektroniczny 2 000,00&nbsp;&#122;&#322; Burg W\u00e4chter Magno\u00a0M540 1 900,00&nbsp;&#122;&#322; Master\u202fLock (SentrySafe) LFW205TWC 1 500,00&nbsp;&#122;&#322;","og_url":"https:\/\/serwissejfow.pl\/de\/sprzedaz-uzywanych-sejfow\/","og_site_name":"Profesjonalny Serwis Sejf\u00f3w i Kas Pancernych","article_modified_time":"2025-09-07T17:12:09+00:00","og_image":[{"url":"https:\/\/serwissejfow.pl\/wp-content\/uploads\/2025\/09\/7c0d410c4d619b0653dbe545e95f-removebg-preview.png","type":"","width":"","height":""}],"twitter_card":"summary_large_image","twitter_misc":{"Gesch\u00e4tzte Lesezeit":"1\u00a0Minute"},"schema":{"@context":"https:\/\/schema.org","@graph":[{"@type":"WebPage","@id":"https:\/\/serwissejfow.pl\/sprzedaz-uzywanych-sejfow\/","url":"https:\/\/serwissejfow.pl\/sprzedaz-uzywanych-sejfow\/","name":"Sejfy u\u017cywane - Profesjonalny Serwis Sejf\u00f3w i Kas Pancernych","isPartOf":{"@id":"https:\/\/serwissejfow.pl\/#website"},"primaryImageOfPage":{"@id":"https:\/\/serwissejfow.pl\/sprzedaz-uzywanych-sejfow\/#primaryimage"},"image":{"@id":"https:\/\/serwissejfow.pl\/sprzedaz-uzywanych-sejfow\/#primaryimage"},"thumbnailUrl":"https:\/\/serwissejfow.pl\/wp-content\/uploads\/2025\/09\/7c0d410c4d619b0653dbe545e95f-removebg-preview.png","datePublished":"2024-07-09T07:41:22+00:00","dateModified":"2025-09-07T17:12:09+00:00","breadcrumb":{"@id":"https:\/\/serwissejfow.pl\/sprzedaz-uzywanych-sejfow\/#breadcrumb"},"inLanguage":"de","potentialAction":[{"@type":"ReadAction","target":["https:\/\/serwissejfow.pl\/sprzedaz-uzywanych-sejfow\/"]}]},{"@type":"ImageObject","inLanguage":"de","@id":"https:\/\/serwissejfow.pl\/sprzedaz-uzywanych-sejfow\/#primaryimage","url":"https:\/\/serwissejfow.pl\/wp-content\/uploads\/2025\/09\/7c0d410c4d619b0653dbe545e95f-removebg-preview.png","contentUrl":"https:\/\/serwissejfow.pl\/wp-content\/uploads\/2025\/09\/7c0d410c4d619b0653dbe545e95f-removebg-preview.png"},{"@type":"BreadcrumbList","@id":"https:\/\/serwissejfow.pl\/sprzedaz-uzywanych-sejfow\/#breadcrumb","itemListElement":[{"@type":"ListItem","position":1,"name":"Home","item":"https:\/\/serwissejfow.pl\/"},{"@type":"ListItem","position":2,"name":"Sejfy u\u017cywane"}]},{"@type":"WebSite","@id":"https:\/\/serwissejfow.pl\/#website","url":"https:\/\/serwissejfow.pl\/","name":"Safe-Service \u2013 Zielona G\u00f3ra, Nowa S\u00f3l, Boles\u0142awiec \u2013 Professionelle Service- und Wartungsleistungen","description":"Awaryjne otwieranie i naprawa sejf\u00f3w \u2013 Zielona G\u00f3ra, Boles\u0142awiec, Nowa S\u00f3l, \u017bary, \u017baga\u0144, Gubin, G\u0142og\u00f3w","publisher":{"@id":"https:\/\/serwissejfow.pl\/#organization"},"potentialAction":[{"@type":"SearchAction","target":{"@type":"EntryPoint","urlTemplate":"https:\/\/serwissejfow.pl\/?s={search_term_string}"},"query-input":{"@type":"PropertyValueSpecification","valueRequired":true,"valueName":"search_term_string"}}],"inLanguage":"de"},{"@type":"Organization","@id":"https:\/\/serwissejfow.pl\/#organization","name":"Safe-Service \u2013 Zielona G\u00f3ra, Nowa S\u00f3l, Boles\u0142awiec \u2013 Professionelle Service- und Wartungsleistungen","url":"https:\/\/serwissejfow.pl\/","logo":{"@type":"ImageObject","inLanguage":"de","@id":"https:\/\/serwissejfow.pl\/#\/schema\/logo\/image\/","url":"https:\/\/serwissejfow.pl\/wp-content\/uploads\/2024\/07\/serwis-kas-pancernych.webp","contentUrl":"https:\/\/serwissejfow.pl\/wp-content\/uploads\/2024\/07\/serwis-kas-pancernych.webp","width":172,"height":147,"caption":"Serwis Sejf\u00f3w- Zielona G\u00f3ra, Nowa S\u00f3l, Boles\u0142awiec - Profesjonalne Us\u0142ugi Serwisowe i Konserwacyjne"},"image":{"@id":"https:\/\/serwissejfow.pl\/#\/schema\/logo\/image\/"}}]}},"acf":[],"_links":{"self":[{"href":"https:\/\/serwissejfow.pl\/de\/wp-json\/wp\/v2\/pages\/14623","targetHints":{"allow":["GET"]}}],"collection":[{"href":"https:\/\/serwissejfow.pl\/de\/wp-json\/wp\/v2\/pages"}],"about":[{"href":"https:\/\/serwissejfow.pl\/de\/wp-json\/wp\/v2\/types\/page"}],"author":[{"embeddable":true,"href":"https:\/\/serwissejfow.pl\/de\/wp-json\/wp\/v2\/users\/1"}],"replies":[{"embeddable":true,"href":"https:\/\/serwissejfow.pl\/de\/wp-json\/wp\/v2\/comments?post=14623"}],"version-history":[{"count":118,"href":"https:\/\/serwissejfow.pl\/de\/wp-json\/wp\/v2\/pages\/14623\/revisions"}],"predecessor-version":[{"id":15498,"href":"https:\/\/serwissejfow.pl\/de\/wp-json\/wp\/v2\/pages\/14623\/revisions\/15498"}],"wp:attachment":[{"href":"https:\/\/serwissejfow.pl\/de\/wp-json\/wp\/v2\/media?parent=14623"}],"curies":[{"name":"wp","href":"https:\/\/api.w.org\/{rel}","templated":true}]}}