{"id":14929,"date":"2025-08-05T14:11:06","date_gmt":"2025-08-05T12:11:06","guid":{"rendered":"https:\/\/serwissejfow.pl\/moje-konto\/"},"modified":"2025-08-05T14:11:06","modified_gmt":"2025-08-05T12:11:06","slug":"moje-konto","status":"publish","type":"page","link":"https:\/\/serwissejfow.pl\/de\/moje-konto\/","title":{"rendered":"Moje konto"},"content":{"rendered":"<div class=\"woocommerce\"><\/div>","protected":false},"excerpt":{"rendered":"","protected":false},"author":1,"featured_media":0,"parent":0,"menu_order":0,"comment_status":"closed","ping_status":"closed","template":"","meta":{"_monsterinsights_skip_tracking":false,"_monsterinsights_sitenote_active":false,"_monsterinsights_sitenote_note":"","_monsterinsights_sitenote_category":0,"footnotes":""},"class_list":["post-14929","page","type-page","status-publish","hentry"],"yoast_head":"<!-- This site is optimized with the Yoast SEO Premium plugin v25.6 (Yoast SEO v26.7) - https:\/\/yoast.com\/wordpress\/plugins\/seo\/ -->\n<title>Moje konto - Profesjonalny Serwis Sejf\u00f3w i Kas Pancernych<\/title>\n<meta name=\"robots\" content=\"index, follow, max-snippet:-1, max-image-preview:large, max-video-preview:-1\" \/>\n<link rel=\"canonical\" href=\"https:\/\/serwissejfow.pl\/de\/moje-konto\/\" \/>\n<meta property=\"og:locale\" content=\"de_DE\" \/>\n<meta property=\"og:type\" content=\"article\" \/>\n<meta property=\"og:title\" content=\"Moje konto\" \/>\n<meta property=\"og:url\" content=\"https:\/\/serwissejfow.pl\/de\/moje-konto\/\" \/>\n<meta property=\"og:site_name\" content=\"Profesjonalny Serwis Sejf\u00f3w i Kas Pancernych\" \/>\n<meta name=\"twitter:card\" content=\"summary_large_image\" \/>\n<script type=\"application\/ld+json\" class=\"yoast-schema-graph\">{\"@context\":\"https:\/\/schema.org\",\"@graph\":[{\"@type\":\"WebPage\",\"@id\":\"https:\/\/serwissejfow.pl\/moje-konto\/\",\"url\":\"https:\/\/serwissejfow.pl\/moje-konto\/\",\"name\":\"Moje konto - Profesjonalny Serwis Sejf\u00f3w i Kas Pancernych\",\"isPartOf\":{\"@id\":\"https:\/\/serwissejfow.pl\/#website\"},\"datePublished\":\"2025-08-05T12:11:06+00:00\",\"breadcrumb\":{\"@id\":\"https:\/\/serwissejfow.pl\/moje-konto\/#breadcrumb\"},\"inLanguage\":\"de\",\"potentialAction\":[{\"@type\":\"ReadAction\",\"target\":[\"https:\/\/serwissejfow.pl\/moje-konto\/\"]}]},{\"@type\":\"BreadcrumbList\",\"@id\":\"https:\/\/serwissejfow.pl\/moje-konto\/#breadcrumb\",\"itemListElement\":[{\"@type\":\"ListItem\",\"position\":1,\"name\":\"Home\",\"item\":\"https:\/\/serwissejfow.pl\/\"},{\"@type\":\"ListItem\",\"position\":2,\"name\":\"Moje konto\"}]},{\"@type\":\"WebSite\",\"@id\":\"https:\/\/serwissejfow.pl\/#website\",\"url\":\"https:\/\/serwissejfow.pl\/\",\"name\":\"Serwis Sejf\u00f3w- Zielona G\u00f3ra, Nowa S\u00f3l, Boles\u0142awiec - Profesjonalne Us\u0142ugi Serwisowe i Konserwacyjne\",\"description\":\"Awaryjne otwieranie i naprawa sejf\u00f3w \u2013 Zielona G\u00f3ra, Boles\u0142awiec, Nowa S\u00f3l, \u017bary, \u017baga\u0144, Gubin, G\u0142og\u00f3w\",\"publisher\":{\"@id\":\"https:\/\/serwissejfow.pl\/#organization\"},\"potentialAction\":[{\"@type\":\"SearchAction\",\"target\":{\"@type\":\"EntryPoint\",\"urlTemplate\":\"https:\/\/serwissejfow.pl\/?s={search_term_string}\"},\"query-input\":{\"@type\":\"PropertyValueSpecification\",\"valueRequired\":true,\"valueName\":\"search_term_string\"}}],\"inLanguage\":\"de\"},{\"@type\":\"Organization\",\"@id\":\"https:\/\/serwissejfow.pl\/#organization\",\"name\":\"Serwis Sejf\u00f3w- Zielona G\u00f3ra, Nowa S\u00f3l, Boles\u0142awiec - Profesjonalne Us\u0142ugi Serwisowe i Konserwacyjne\",\"url\":\"https:\/\/serwissejfow.pl\/\",\"logo\":{\"@type\":\"ImageObject\",\"inLanguage\":\"de\",\"@id\":\"https:\/\/serwissejfow.pl\/#\/schema\/logo\/image\/\",\"url\":\"https:\/\/serwissejfow.pl\/wp-content\/uploads\/2024\/07\/serwis-kas-pancernych.webp\",\"contentUrl\":\"https:\/\/serwissejfow.pl\/wp-content\/uploads\/2024\/07\/serwis-kas-pancernych.webp\",\"width\":172,\"height\":147,\"caption\":\"Serwis Sejf\u00f3w- Zielona G\u00f3ra, Nowa S\u00f3l, Boles\u0142awiec - Profesjonalne Us\u0142ugi Serwisowe i Konserwacyjne\"},\"image\":{\"@id\":\"https:\/\/serwissejfow.pl\/#\/schema\/logo\/image\/\"}}]}<\/script>\n<!-- \/ Yoast SEO Premium plugin. -->","yoast_head_json":{"title":"Moje konto - Profesjonalny Serwis Sejf\u00f3w i Kas Pancernych","robots":{"index":"index","follow":"follow","max-snippet":"max-snippet:-1","max-image-preview":"max-image-preview:large","max-video-preview":"max-video-preview:-1"},"canonical":"https:\/\/serwissejfow.pl\/de\/moje-konto\/","og_locale":"de_DE","og_type":"article","og_title":"Moje konto","og_url":"https:\/\/serwissejfow.pl\/de\/moje-konto\/","og_site_name":"Profesjonalny Serwis Sejf\u00f3w i Kas Pancernych","twitter_card":"summary_large_image","schema":{"@context":"https:\/\/schema.org","@graph":[{"@type":"WebPage","@id":"https:\/\/serwissejfow.pl\/moje-konto\/","url":"https:\/\/serwissejfow.pl\/moje-konto\/","name":"Moje konto - Profesjonalny Serwis Sejf\u00f3w i Kas Pancernych","isPartOf":{"@id":"https:\/\/serwissejfow.pl\/#website"},"datePublished":"2025-08-05T12:11:06+00:00","breadcrumb":{"@id":"https:\/\/serwissejfow.pl\/moje-konto\/#breadcrumb"},"inLanguage":"de","potentialAction":[{"@type":"ReadAction","target":["https:\/\/serwissejfow.pl\/moje-konto\/"]}]},{"@type":"BreadcrumbList","@id":"https:\/\/serwissejfow.pl\/moje-konto\/#breadcrumb","itemListElement":[{"@type":"ListItem","position":1,"name":"Home","item":"https:\/\/serwissejfow.pl\/"},{"@type":"ListItem","position":2,"name":"Moje konto"}]},{"@type":"WebSite","@id":"https:\/\/serwissejfow.pl\/#website","url":"https:\/\/serwissejfow.pl\/","name":"Safe-Service \u2013 Zielona G\u00f3ra, Nowa S\u00f3l, Boles\u0142awiec \u2013 Professionelle Service- und Wartungsleistungen","description":"Awaryjne otwieranie i naprawa sejf\u00f3w \u2013 Zielona G\u00f3ra, Boles\u0142awiec, Nowa S\u00f3l, \u017bary, \u017baga\u0144, Gubin, G\u0142og\u00f3w","publisher":{"@id":"https:\/\/serwissejfow.pl\/#organization"},"potentialAction":[{"@type":"SearchAction","target":{"@type":"EntryPoint","urlTemplate":"https:\/\/serwissejfow.pl\/?s={search_term_string}"},"query-input":{"@type":"PropertyValueSpecification","valueRequired":true,"valueName":"search_term_string"}}],"inLanguage":"de"},{"@type":"Organization","@id":"https:\/\/serwissejfow.pl\/#organization","name":"Safe-Service \u2013 Zielona G\u00f3ra, Nowa S\u00f3l, Boles\u0142awiec \u2013 Professionelle Service- und Wartungsleistungen","url":"https:\/\/serwissejfow.pl\/","logo":{"@type":"ImageObject","inLanguage":"de","@id":"https:\/\/serwissejfow.pl\/#\/schema\/logo\/image\/","url":"https:\/\/serwissejfow.pl\/wp-content\/uploads\/2024\/07\/serwis-kas-pancernych.webp","contentUrl":"https:\/\/serwissejfow.pl\/wp-content\/uploads\/2024\/07\/serwis-kas-pancernych.webp","width":172,"height":147,"caption":"Serwis Sejf\u00f3w- Zielona G\u00f3ra, Nowa S\u00f3l, Boles\u0142awiec - Profesjonalne Us\u0142ugi Serwisowe i Konserwacyjne"},"image":{"@id":"https:\/\/serwissejfow.pl\/#\/schema\/logo\/image\/"}}]}},"acf":[],"_links":{"self":[{"href":"https:\/\/serwissejfow.pl\/de\/wp-json\/wp\/v2\/pages\/14929","targetHints":{"allow":["GET"]}}],"collection":[{"href":"https:\/\/serwissejfow.pl\/de\/wp-json\/wp\/v2\/pages"}],"about":[{"href":"https:\/\/serwissejfow.pl\/de\/wp-json\/wp\/v2\/types\/page"}],"author":[{"embeddable":true,"href":"https:\/\/serwissejfow.pl\/de\/wp-json\/wp\/v2\/users\/1"}],"replies":[{"embeddable":true,"href":"https:\/\/serwissejfow.pl\/de\/wp-json\/wp\/v2\/comments?post=14929"}],"version-history":[{"count":0,"href":"https:\/\/serwissejfow.pl\/de\/wp-json\/wp\/v2\/pages\/14929\/revisions"}],"wp:attachment":[{"href":"https:\/\/serwissejfow.pl\/de\/wp-json\/wp\/v2\/media?parent=14929"}],"curies":[{"name":"wp","href":"https:\/\/api.w.org\/{rel}","templated":true}]}}