{"id":15386,"date":"2025-09-03T12:27:32","date_gmt":"2025-09-03T10:27:32","guid":{"rendered":"https:\/\/serwissejfow.pl\/?post_type=product&#038;p=15386"},"modified":"2026-03-01T12:57:08","modified_gmt":"2026-03-01T11:57:08","slug":"zamek-do-sejfu-stuv-4-19-92-cablox-gwarancja-bezpieczenstwa","status":"publish","type":"product","link":"https:\/\/serwissejfow.pl\/de\/produkt\/zamek-do-sejfu-stuv-4-19-92-cablox-gwarancja-bezpieczenstwa\/","title":{"rendered":"Schloss f\u00fcr Safe STUV 4.19.92 CABLOX \u2013 Sicherheitsgarantie"},"content":{"rendered":"","protected":false},"excerpt":{"rendered":"<p>Szukasz niezawodnego zamka do swojego sejfu? Oferujemy u\u017cywany, ale w pe\u0142ni sprawny zamek do sejfu <b>STUV 4.19.92 CABLOX<\/b> firmy <b>Carl Wittkopp<\/b> z dwoma kluczami o d\u0142ugo\u015bci 60 mm.<\/p>\n<p>Ten popularny zamek, cz\u0119sto stosowany w sejfach do klasy VdS 2 oraz w szafach na bro\u0144, charakteryzuje si\u0119 uniwersalnymi wymiarami monta\u017cowymi (66,5 x 41,5 mm). Dzi\u0119ki temu bez problemu zast\u0105pisz nim inne popularne modele, takie jak <b>Optima 2648<\/b> czy <b>Kaba Mauer 71111 President A<\/b>. Zamek posiada r\u00f3wnie\u017c dwa otwory w ryglu, co pozwala na monta\u017c dodatkowych listew.<\/p>\n<p><b>Najwa\u017cniejsze cechy:<\/b><\/p>\n<ul>\n<li><b>Klasa VdS 1 \/ EN 1300 A<\/b><\/li>\n<li>Wymiary monta\u017cowe: 66,5 x 41,5 mm<\/li>\n<li>Rygiel z dwoma otworami do mocowania dodatkowych akcesori\u00f3w<\/li>\n<li>Waga: ok. 400 g<\/li>\n<\/ul>\n<p>Zamek jest gotowy do monta\u017cu i zapewni solidn\u0105 ochron\u0119 Twoim kosztowno\u015bciom.<\/p>","protected":false},"featured_media":15388,"comment_status":"open","ping_status":"closed","template":"","meta":{"_monsterinsights_skip_tracking":false,"_monsterinsights_sitenote_active":false,"_monsterinsights_sitenote_note":"","_monsterinsights_sitenote_category":0},"product_brand":[],"product_cat":[50],"product_tag":[],"class_list":{"0":"post-15386","1":"product","2":"type-product","3":"status-publish","4":"has-post-thumbnail","6":"product_cat-zamki","8":"first","9":"instock","10":"shipping-taxable","11":"purchasable","12":"product-type-simple"},"yoast_head":"<!-- This site is optimized with the Yoast SEO Premium plugin v25.6 (Yoast SEO v26.7) - https:\/\/yoast.com\/wordpress\/plugins\/seo\/ -->\n<title>Zamek STUV 4.19.92 CABLOX - Wymienny Zamek Do Sejfu | Carl Wittkopp<\/title>\n<meta name=\"description\" content=\"Szukasz zamka do sejfu? Zamek STUV 4.19.92 CABLOX od Carl Wittkopp to uniwersalne rozwi\u0105zanie, idealne do sejf\u00f3w VdS 2. Sprawd\u017a, jak \u0142atwo wymienisz nim zamek Optima czy Kaba. W komplecie 2 klucze 60mm.\" \/>\n<meta name=\"robots\" content=\"index, follow, max-snippet:-1, max-image-preview:large, max-video-preview:-1\" \/>\n<link rel=\"canonical\" href=\"https:\/\/serwissejfow.pl\/de\/produkt\/zamek-do-sejfu-stuv-4-19-92-cablox-gwarancja-bezpieczenstwa\/\" \/>\n<meta property=\"og:locale\" content=\"de_DE\" \/>\n<meta property=\"og:type\" content=\"article\" \/>\n<meta property=\"og:title\" content=\"Zamek do sejfu STUV 4.19.92 CABLOX \u2013 gwarancja bezpiecze\u0144stwa\" \/>\n<meta property=\"og:description\" content=\"Szukasz zamka do sejfu? Zamek STUV 4.19.92 CABLOX od Carl Wittkopp to uniwersalne rozwi\u0105zanie, idealne do sejf\u00f3w VdS 2. Sprawd\u017a, jak \u0142atwo wymienisz nim zamek Optima czy Kaba. W komplecie 2 klucze 60mm.\" \/>\n<meta property=\"og:url\" content=\"https:\/\/serwissejfow.pl\/de\/produkt\/zamek-do-sejfu-stuv-4-19-92-cablox-gwarancja-bezpieczenstwa\/\" \/>\n<meta property=\"og:site_name\" content=\"Profesjonalny Serwis Sejf\u00f3w i Kas Pancernych\" \/>\n<meta property=\"article:modified_time\" content=\"2026-03-01T11:57:08+00:00\" \/>\n<meta property=\"og:image\" content=\"https:\/\/serwissejfow.pl\/wp-content\/uploads\/2025\/09\/zamek.jpg\" \/>\n\t<meta property=\"og:image:width\" content=\"1024\" \/>\n\t<meta property=\"og:image:height\" content=\"1024\" \/>\n\t<meta property=\"og:image:type\" content=\"image\/jpeg\" \/>\n<meta name=\"twitter:card\" content=\"summary_large_image\" \/>\n<meta name=\"twitter:label1\" content=\"Gesch\u00e4tzte Lesezeit\" \/>\n\t<meta name=\"twitter:data1\" content=\"1\u00a0Minute\" \/>\n<script type=\"application\/ld+json\" class=\"yoast-schema-graph\">{\"@context\":\"https:\/\/schema.org\",\"@graph\":[{\"@type\":\"WebPage\",\"@id\":\"https:\/\/serwissejfow.pl\/produkt\/zamek-do-sejfu-stuv-4-19-92-cablox-gwarancja-bezpieczenstwa\/\",\"url\":\"https:\/\/serwissejfow.pl\/produkt\/zamek-do-sejfu-stuv-4-19-92-cablox-gwarancja-bezpieczenstwa\/\",\"name\":\"Zamek STUV 4.19.92 CABLOX - Wymienny Zamek Do Sejfu | Carl Wittkopp\",\"isPartOf\":{\"@id\":\"https:\/\/serwissejfow.pl\/#website\"},\"primaryImageOfPage\":{\"@id\":\"https:\/\/serwissejfow.pl\/produkt\/zamek-do-sejfu-stuv-4-19-92-cablox-gwarancja-bezpieczenstwa\/#primaryimage\"},\"image\":{\"@id\":\"https:\/\/serwissejfow.pl\/produkt\/zamek-do-sejfu-stuv-4-19-92-cablox-gwarancja-bezpieczenstwa\/#primaryimage\"},\"thumbnailUrl\":\"https:\/\/serwissejfow.pl\/wp-content\/uploads\/2025\/09\/zamek.jpg\",\"datePublished\":\"2025-09-03T10:27:32+00:00\",\"dateModified\":\"2026-03-01T11:57:08+00:00\",\"description\":\"Szukasz zamka do sejfu? Zamek STUV 4.19.92 CABLOX od Carl Wittkopp to uniwersalne rozwi\u0105zanie, idealne do sejf\u00f3w VdS 2. Sprawd\u017a, jak \u0142atwo wymienisz nim zamek Optima czy Kaba. W komplecie 2 klucze 60mm.\",\"breadcrumb\":{\"@id\":\"https:\/\/serwissejfow.pl\/produkt\/zamek-do-sejfu-stuv-4-19-92-cablox-gwarancja-bezpieczenstwa\/#breadcrumb\"},\"inLanguage\":\"de\",\"potentialAction\":[{\"@type\":\"ReadAction\",\"target\":[\"https:\/\/serwissejfow.pl\/produkt\/zamek-do-sejfu-stuv-4-19-92-cablox-gwarancja-bezpieczenstwa\/\"]}]},{\"@type\":\"ImageObject\",\"inLanguage\":\"de\",\"@id\":\"https:\/\/serwissejfow.pl\/produkt\/zamek-do-sejfu-stuv-4-19-92-cablox-gwarancja-bezpieczenstwa\/#primaryimage\",\"url\":\"https:\/\/serwissejfow.pl\/wp-content\/uploads\/2025\/09\/zamek.jpg\",\"contentUrl\":\"https:\/\/serwissejfow.pl\/wp-content\/uploads\/2025\/09\/zamek.jpg\",\"width\":1024,\"height\":1024},{\"@type\":\"BreadcrumbList\",\"@id\":\"https:\/\/serwissejfow.pl\/produkt\/zamek-do-sejfu-stuv-4-19-92-cablox-gwarancja-bezpieczenstwa\/#breadcrumb\",\"itemListElement\":[{\"@type\":\"ListItem\",\"position\":1,\"name\":\"Home\",\"item\":\"https:\/\/serwissejfow.pl\/\"},{\"@type\":\"ListItem\",\"position\":2,\"name\":\"Sklep\",\"item\":\"https:\/\/serwissejfow.pl\/sklep\/\"},{\"@type\":\"ListItem\",\"position\":3,\"name\":\"Zamek do sejfu STUV 4.19.92 CABLOX \u2013 gwarancja bezpiecze\u0144stwa\"}]},{\"@type\":\"WebSite\",\"@id\":\"https:\/\/serwissejfow.pl\/#website\",\"url\":\"https:\/\/serwissejfow.pl\/\",\"name\":\"Serwis Sejf\u00f3w- Zielona G\u00f3ra, Nowa S\u00f3l, Boles\u0142awiec - Profesjonalne Us\u0142ugi Serwisowe i Konserwacyjne\",\"description\":\"Awaryjne otwieranie i naprawa sejf\u00f3w \u2013 Zielona G\u00f3ra, Boles\u0142awiec, Nowa S\u00f3l, \u017bary, \u017baga\u0144, Gubin, G\u0142og\u00f3w\",\"publisher\":{\"@id\":\"https:\/\/serwissejfow.pl\/#organization\"},\"potentialAction\":[{\"@type\":\"SearchAction\",\"target\":{\"@type\":\"EntryPoint\",\"urlTemplate\":\"https:\/\/serwissejfow.pl\/?s={search_term_string}\"},\"query-input\":{\"@type\":\"PropertyValueSpecification\",\"valueRequired\":true,\"valueName\":\"search_term_string\"}}],\"inLanguage\":\"de\"},{\"@type\":\"Organization\",\"@id\":\"https:\/\/serwissejfow.pl\/#organization\",\"name\":\"Serwis Sejf\u00f3w- Zielona G\u00f3ra, Nowa S\u00f3l, Boles\u0142awiec - Profesjonalne Us\u0142ugi Serwisowe i Konserwacyjne\",\"url\":\"https:\/\/serwissejfow.pl\/\",\"logo\":{\"@type\":\"ImageObject\",\"inLanguage\":\"de\",\"@id\":\"https:\/\/serwissejfow.pl\/#\/schema\/logo\/image\/\",\"url\":\"https:\/\/serwissejfow.pl\/wp-content\/uploads\/2024\/07\/serwis-kas-pancernych.webp\",\"contentUrl\":\"https:\/\/serwissejfow.pl\/wp-content\/uploads\/2024\/07\/serwis-kas-pancernych.webp\",\"width\":172,\"height\":147,\"caption\":\"Serwis Sejf\u00f3w- Zielona G\u00f3ra, Nowa S\u00f3l, Boles\u0142awiec - Profesjonalne Us\u0142ugi Serwisowe i Konserwacyjne\"},\"image\":{\"@id\":\"https:\/\/serwissejfow.pl\/#\/schema\/logo\/image\/\"}}]}<\/script>\n<!-- \/ Yoast SEO Premium plugin. -->","yoast_head_json":{"title":"Zamek STUV 4.19.92 CABLOX - Wymienny Zamek Do Sejfu | Carl Wittkopp","description":"Szukasz zamka do sejfu? Zamek STUV 4.19.92 CABLOX od Carl Wittkopp to uniwersalne rozwi\u0105zanie, idealne do sejf\u00f3w VdS 2. Sprawd\u017a, jak \u0142atwo wymienisz nim zamek Optima czy Kaba. W komplecie 2 klucze 60mm.","robots":{"index":"index","follow":"follow","max-snippet":"max-snippet:-1","max-image-preview":"max-image-preview:large","max-video-preview":"max-video-preview:-1"},"canonical":"https:\/\/serwissejfow.pl\/de\/produkt\/zamek-do-sejfu-stuv-4-19-92-cablox-gwarancja-bezpieczenstwa\/","og_locale":"de_DE","og_type":"article","og_title":"Zamek do sejfu STUV 4.19.92 CABLOX \u2013 gwarancja bezpiecze\u0144stwa","og_description":"Szukasz zamka do sejfu? Zamek STUV 4.19.92 CABLOX od Carl Wittkopp to uniwersalne rozwi\u0105zanie, idealne do sejf\u00f3w VdS 2. Sprawd\u017a, jak \u0142atwo wymienisz nim zamek Optima czy Kaba. W komplecie 2 klucze 60mm.","og_url":"https:\/\/serwissejfow.pl\/de\/produkt\/zamek-do-sejfu-stuv-4-19-92-cablox-gwarancja-bezpieczenstwa\/","og_site_name":"Profesjonalny Serwis Sejf\u00f3w i Kas Pancernych","article_modified_time":"2026-03-01T11:57:08+00:00","og_image":[{"width":1024,"height":1024,"url":"https:\/\/serwissejfow.pl\/wp-content\/uploads\/2025\/09\/zamek.jpg","type":"image\/jpeg"}],"twitter_card":"summary_large_image","twitter_misc":{"Gesch\u00e4tzte Lesezeit":"1\u00a0Minute"},"schema":{"@context":"https:\/\/schema.org","@graph":[{"@type":"WebPage","@id":"https:\/\/serwissejfow.pl\/produkt\/zamek-do-sejfu-stuv-4-19-92-cablox-gwarancja-bezpieczenstwa\/","url":"https:\/\/serwissejfow.pl\/produkt\/zamek-do-sejfu-stuv-4-19-92-cablox-gwarancja-bezpieczenstwa\/","name":"Zamek STUV 4.19.92 CABLOX - Wymienny Zamek Do Sejfu | Carl Wittkopp","isPartOf":{"@id":"https:\/\/serwissejfow.pl\/#website"},"primaryImageOfPage":{"@id":"https:\/\/serwissejfow.pl\/produkt\/zamek-do-sejfu-stuv-4-19-92-cablox-gwarancja-bezpieczenstwa\/#primaryimage"},"image":{"@id":"https:\/\/serwissejfow.pl\/produkt\/zamek-do-sejfu-stuv-4-19-92-cablox-gwarancja-bezpieczenstwa\/#primaryimage"},"thumbnailUrl":"https:\/\/serwissejfow.pl\/wp-content\/uploads\/2025\/09\/zamek.jpg","datePublished":"2025-09-03T10:27:32+00:00","dateModified":"2026-03-01T11:57:08+00:00","description":"Szukasz zamka do sejfu? Zamek STUV 4.19.92 CABLOX od Carl Wittkopp to uniwersalne rozwi\u0105zanie, idealne do sejf\u00f3w VdS 2. Sprawd\u017a, jak \u0142atwo wymienisz nim zamek Optima czy Kaba. W komplecie 2 klucze 60mm.","breadcrumb":{"@id":"https:\/\/serwissejfow.pl\/produkt\/zamek-do-sejfu-stuv-4-19-92-cablox-gwarancja-bezpieczenstwa\/#breadcrumb"},"inLanguage":"de","potentialAction":[{"@type":"ReadAction","target":["https:\/\/serwissejfow.pl\/produkt\/zamek-do-sejfu-stuv-4-19-92-cablox-gwarancja-bezpieczenstwa\/"]}]},{"@type":"ImageObject","inLanguage":"de","@id":"https:\/\/serwissejfow.pl\/produkt\/zamek-do-sejfu-stuv-4-19-92-cablox-gwarancja-bezpieczenstwa\/#primaryimage","url":"https:\/\/serwissejfow.pl\/wp-content\/uploads\/2025\/09\/zamek.jpg","contentUrl":"https:\/\/serwissejfow.pl\/wp-content\/uploads\/2025\/09\/zamek.jpg","width":1024,"height":1024},{"@type":"BreadcrumbList","@id":"https:\/\/serwissejfow.pl\/produkt\/zamek-do-sejfu-stuv-4-19-92-cablox-gwarancja-bezpieczenstwa\/#breadcrumb","itemListElement":[{"@type":"ListItem","position":1,"name":"Home","item":"https:\/\/serwissejfow.pl\/"},{"@type":"ListItem","position":2,"name":"Sklep","item":"https:\/\/serwissejfow.pl\/sklep\/"},{"@type":"ListItem","position":3,"name":"Zamek do sejfu STUV 4.19.92 CABLOX \u2013 gwarancja bezpiecze\u0144stwa"}]},{"@type":"WebSite","@id":"https:\/\/serwissejfow.pl\/#website","url":"https:\/\/serwissejfow.pl\/","name":"Safe-Service \u2013 Zielona G\u00f3ra, Nowa S\u00f3l, Boles\u0142awiec \u2013 Professionelle Service- und Wartungsleistungen","description":"Awaryjne otwieranie i naprawa sejf\u00f3w \u2013 Zielona G\u00f3ra, Boles\u0142awiec, Nowa S\u00f3l, \u017bary, \u017baga\u0144, Gubin, G\u0142og\u00f3w","publisher":{"@id":"https:\/\/serwissejfow.pl\/#organization"},"potentialAction":[{"@type":"SearchAction","target":{"@type":"EntryPoint","urlTemplate":"https:\/\/serwissejfow.pl\/?s={search_term_string}"},"query-input":{"@type":"PropertyValueSpecification","valueRequired":true,"valueName":"search_term_string"}}],"inLanguage":"de"},{"@type":"Organization","@id":"https:\/\/serwissejfow.pl\/#organization","name":"Safe-Service \u2013 Zielona G\u00f3ra, Nowa S\u00f3l, Boles\u0142awiec \u2013 Professionelle Service- und Wartungsleistungen","url":"https:\/\/serwissejfow.pl\/","logo":{"@type":"ImageObject","inLanguage":"de","@id":"https:\/\/serwissejfow.pl\/#\/schema\/logo\/image\/","url":"https:\/\/serwissejfow.pl\/wp-content\/uploads\/2024\/07\/serwis-kas-pancernych.webp","contentUrl":"https:\/\/serwissejfow.pl\/wp-content\/uploads\/2024\/07\/serwis-kas-pancernych.webp","width":172,"height":147,"caption":"Serwis Sejf\u00f3w- Zielona G\u00f3ra, Nowa S\u00f3l, Boles\u0142awiec - Profesjonalne Us\u0142ugi Serwisowe i Konserwacyjne"},"image":{"@id":"https:\/\/serwissejfow.pl\/#\/schema\/logo\/image\/"}}]}},"acf":[],"_links":{"self":[{"href":"https:\/\/serwissejfow.pl\/de\/wp-json\/wp\/v2\/product\/15386","targetHints":{"allow":["GET"]}}],"collection":[{"href":"https:\/\/serwissejfow.pl\/de\/wp-json\/wp\/v2\/product"}],"about":[{"href":"https:\/\/serwissejfow.pl\/de\/wp-json\/wp\/v2\/types\/product"}],"replies":[{"embeddable":true,"href":"https:\/\/serwissejfow.pl\/de\/wp-json\/wp\/v2\/comments?post=15386"}],"version-history":[{"count":8,"href":"https:\/\/serwissejfow.pl\/de\/wp-json\/wp\/v2\/product\/15386\/revisions"}],"predecessor-version":[{"id":15397,"href":"https:\/\/serwissejfow.pl\/de\/wp-json\/wp\/v2\/product\/15386\/revisions\/15397"}],"wp:featuredmedia":[{"embeddable":true,"href":"https:\/\/serwissejfow.pl\/de\/wp-json\/wp\/v2\/media\/15388"}],"wp:attachment":[{"href":"https:\/\/serwissejfow.pl\/de\/wp-json\/wp\/v2\/media?parent=15386"}],"wp:term":[{"taxonomy":"product_brand","embeddable":true,"href":"https:\/\/serwissejfow.pl\/de\/wp-json\/wp\/v2\/product_brand?post=15386"},{"taxonomy":"product_cat","embeddable":true,"href":"https:\/\/serwissejfow.pl\/de\/wp-json\/wp\/v2\/product_cat?post=15386"},{"taxonomy":"product_tag","embeddable":true,"href":"https:\/\/serwissejfow.pl\/de\/wp-json\/wp\/v2\/product_tag?post=15386"}],"curies":[{"name":"wp","href":"https:\/\/api.w.org\/{rel}","templated":true}]}}