{"id":15402,"date":"2025-09-03T14:58:18","date_gmt":"2025-09-03T12:58:18","guid":{"rendered":"https:\/\/serwissejfow.pl\/?post_type=product&#038;p=15402"},"modified":"2026-03-01T12:55:58","modified_gmt":"2026-03-01T11:55:58","slug":"schloss-fur-safe-secu-s1000","status":"publish","type":"product","link":"https:\/\/serwissejfow.pl\/de\/produkt\/schloss-fur-safe-secu-s1000\/","title":{"rendered":"Schloss f\u00fcr Tresor SECU S1000"},"content":{"rendered":"","protected":false},"excerpt":{"rendered":"<ul>\n<li><b>Typ zamka:<\/b> Dwuzabierakowy zamek bezpiecze\u0144stwa.<\/li>\n<li><b>Certyfikacja:<\/b> VdS Klasa 1, EN 1300 Klasa A, ECB-S Klasa A.<\/li>\n<li><b>Konstrukcja:<\/b> Dost\u0119pny w wersji prawej (S1000 rechts) oraz lewej. Mo\u017cliwe jest r\u00f3wnie\u017c u\u017cycie w wariancie baskulowym (trzy kierunki ryglowania).<\/li>\n<li><b>Funkcje:<\/b>\n<ul>\n<li>Dwutaktowy zamek bezpiecze\u0144stwa.<\/li>\n<li>9 zapadek, w tym 8 wymuszonych.<\/li>\n<li>Skok rygla: 20 mm.<\/li>\n<li>100 000 mo\u017cliwych kombinacji zamkni\u0119cia.<\/li>\n<li>Odporno\u015b\u0107 na si\u0142\u0119 nacisku rygla do 3 kN.<\/li>\n<\/ul>\n<\/li>\n<\/ul>\n<p>&nbsp;<\/p>\n<h3><b>Zastosowanie i monta\u017c:<\/b><\/h3>\n<p>&nbsp;<\/p>\n<ul>\n<li>Zamek popularny w sejfach firmy Burg W\u00e4chter i w szafach na bro\u0144.<\/li>\n<li>Monta\u017c przy u\u017cyciu \u015brub M6 o twardo\u015bci 8.8, dokr\u0119canych z maksymalnym momentem obrotowym 10 Nm. Nale\u017cy zastosowa\u0107 p\u0142ynny \u015brodek do zabezpieczenia \u015brub przed luzowaniem.<\/li>\n<li>Zamek mo\u017ce by\u0107 montowany z ryglem skierowanym w lewo lub w g\u00f3r\u0119.<\/li>\n<li>Mo\u017cliwo\u015b\u0107 monta\u017cu dw\u00f3ch typ\u00f3w ryglowania:\n<ul>\n<li><b>Przykr\u0119cone ryglowanie:<\/b> Mechanizm ryglowy jest przykr\u0119cony do rygla zamka i przez niego obs\u0142ugiwany.<\/li>\n<li><b>Nieprzykr\u0119cone ryglowanie:<\/b> Zamek jedynie zwalnia ruch mechanizmu ryglowego, kt\u00f3ry jest obs\u0142ugiwany oddzielnie.<\/li>\n<\/ul>\n<\/li>\n<\/ul>\n<p><b>Dodatkowe informacje:<\/b> Do zamka do\u0142\u0105czone s\u0105 dwa klucze o standardowym kszta\u0142cie. Oferowane zamki s\u0105 u\u017cywane i ich wygl\u0105d mo\u017ce si\u0119 nieznacznie r\u00f3\u017cni\u0107 od przedstawionego na zdj\u0119ciu.<\/p>","protected":false},"featured_media":15403,"comment_status":"open","ping_status":"closed","template":"","meta":{"_monsterinsights_skip_tracking":false,"_monsterinsights_sitenote_active":false,"_monsterinsights_sitenote_note":"","_monsterinsights_sitenote_category":0},"product_brand":[],"product_cat":[50],"product_tag":[],"class_list":{"0":"post-15402","1":"product","2":"type-product","3":"status-publish","4":"has-post-thumbnail","6":"product_cat-zamki","8":"first","9":"instock","10":"shipping-taxable","11":"purchasable","12":"product-type-simple"},"yoast_head":"<!-- This site is optimized with the Yoast SEO Premium plugin v25.6 (Yoast SEO v26.7) - https:\/\/yoast.com\/wordpress\/plugins\/seo\/ -->\n<title>Zamek SECU S1000 \u2013 Mechaniczny Zamek Do Sejfu | VdS Klasa 1<\/title>\n<meta name=\"description\" content=\"Zamek SECU S1000 \u2013 solidne zabezpieczenie do sejf\u00f3w Burg W\u00e4chter i szaf na bro\u0144. Posiada certyfikaty VdS Klasa 1 i EN 1300 A. Idealny zamiennik, dost\u0119pny w wersji prawej i lewej. Sprawd\u017a nasz\u0105 ofert\u0119!\" \/>\n<meta name=\"robots\" content=\"index, follow, max-snippet:-1, max-image-preview:large, max-video-preview:-1\" \/>\n<link rel=\"canonical\" href=\"https:\/\/serwissejfow.pl\/de\/produkt\/schloss-fur-safe-secu-s1000\/\" \/>\n<meta property=\"og:locale\" content=\"de_DE\" \/>\n<meta property=\"og:type\" content=\"article\" \/>\n<meta property=\"og:title\" content=\"Zamek do sejfu SECU S1000\" \/>\n<meta property=\"og:description\" content=\"Zamek SECU S1000 \u2013 solidne zabezpieczenie do sejf\u00f3w Burg W\u00e4chter i szaf na bro\u0144. Posiada certyfikaty VdS Klasa 1 i EN 1300 A. Idealny zamiennik, dost\u0119pny w wersji prawej i lewej. Sprawd\u017a nasz\u0105 ofert\u0119!\" \/>\n<meta property=\"og:url\" content=\"https:\/\/serwissejfow.pl\/de\/produkt\/schloss-fur-safe-secu-s1000\/\" \/>\n<meta property=\"og:site_name\" content=\"Profesjonalny Serwis Sejf\u00f3w i Kas Pancernych\" \/>\n<meta property=\"article:modified_time\" content=\"2026-03-01T11:55:58+00:00\" \/>\n<meta property=\"og:image\" content=\"https:\/\/serwissejfow.pl\/wp-content\/uploads\/2025\/09\/SECU-S1000.jpg\" \/>\n\t<meta property=\"og:image:width\" content=\"1024\" \/>\n\t<meta property=\"og:image:height\" content=\"1024\" \/>\n\t<meta property=\"og:image:type\" content=\"image\/jpeg\" \/>\n<meta name=\"twitter:card\" content=\"summary_large_image\" \/>\n<meta name=\"twitter:label1\" content=\"Gesch\u00e4tzte Lesezeit\" \/>\n\t<meta name=\"twitter:data1\" content=\"1\u00a0Minute\" \/>\n<script type=\"application\/ld+json\" class=\"yoast-schema-graph\">{\"@context\":\"https:\/\/schema.org\",\"@graph\":[{\"@type\":\"WebPage\",\"@id\":\"https:\/\/serwissejfow.pl\/produkt\/zamek-do-sejfu-secu-s1000\/\",\"url\":\"https:\/\/serwissejfow.pl\/produkt\/zamek-do-sejfu-secu-s1000\/\",\"name\":\"Zamek SECU S1000 \u2013 Mechaniczny Zamek Do Sejfu | VdS Klasa 1\",\"isPartOf\":{\"@id\":\"https:\/\/serwissejfow.pl\/#website\"},\"primaryImageOfPage\":{\"@id\":\"https:\/\/serwissejfow.pl\/produkt\/zamek-do-sejfu-secu-s1000\/#primaryimage\"},\"image\":{\"@id\":\"https:\/\/serwissejfow.pl\/produkt\/zamek-do-sejfu-secu-s1000\/#primaryimage\"},\"thumbnailUrl\":\"https:\/\/serwissejfow.pl\/wp-content\/uploads\/2025\/09\/SECU-S1000.jpg\",\"datePublished\":\"2025-09-03T12:58:18+00:00\",\"dateModified\":\"2026-03-01T11:55:58+00:00\",\"description\":\"Zamek SECU S1000 \u2013 solidne zabezpieczenie do sejf\u00f3w Burg W\u00e4chter i szaf na bro\u0144. Posiada certyfikaty VdS Klasa 1 i EN 1300 A. Idealny zamiennik, dost\u0119pny w wersji prawej i lewej. Sprawd\u017a nasz\u0105 ofert\u0119!\",\"breadcrumb\":{\"@id\":\"https:\/\/serwissejfow.pl\/produkt\/zamek-do-sejfu-secu-s1000\/#breadcrumb\"},\"inLanguage\":\"de\",\"potentialAction\":[{\"@type\":\"ReadAction\",\"target\":[\"https:\/\/serwissejfow.pl\/produkt\/zamek-do-sejfu-secu-s1000\/\"]}]},{\"@type\":\"ImageObject\",\"inLanguage\":\"de\",\"@id\":\"https:\/\/serwissejfow.pl\/produkt\/zamek-do-sejfu-secu-s1000\/#primaryimage\",\"url\":\"https:\/\/serwissejfow.pl\/wp-content\/uploads\/2025\/09\/SECU-S1000.jpg\",\"contentUrl\":\"https:\/\/serwissejfow.pl\/wp-content\/uploads\/2025\/09\/SECU-S1000.jpg\",\"width\":1024,\"height\":1024,\"caption\":\"Zamek do sejfu SECU S1000\"},{\"@type\":\"BreadcrumbList\",\"@id\":\"https:\/\/serwissejfow.pl\/produkt\/zamek-do-sejfu-secu-s1000\/#breadcrumb\",\"itemListElement\":[{\"@type\":\"ListItem\",\"position\":1,\"name\":\"Home\",\"item\":\"https:\/\/serwissejfow.pl\/\"},{\"@type\":\"ListItem\",\"position\":2,\"name\":\"Sklep\",\"item\":\"https:\/\/serwissejfow.pl\/sklep\/\"},{\"@type\":\"ListItem\",\"position\":3,\"name\":\"Zamek do sejfu SECU S1000\"}]},{\"@type\":\"WebSite\",\"@id\":\"https:\/\/serwissejfow.pl\/#website\",\"url\":\"https:\/\/serwissejfow.pl\/\",\"name\":\"Serwis Sejf\u00f3w- Zielona G\u00f3ra, Nowa S\u00f3l, Boles\u0142awiec - Profesjonalne Us\u0142ugi Serwisowe i Konserwacyjne\",\"description\":\"Awaryjne otwieranie i naprawa sejf\u00f3w \u2013 Zielona G\u00f3ra, Boles\u0142awiec, Nowa S\u00f3l, \u017bary, \u017baga\u0144, Gubin, G\u0142og\u00f3w\",\"publisher\":{\"@id\":\"https:\/\/serwissejfow.pl\/#organization\"},\"potentialAction\":[{\"@type\":\"SearchAction\",\"target\":{\"@type\":\"EntryPoint\",\"urlTemplate\":\"https:\/\/serwissejfow.pl\/?s={search_term_string}\"},\"query-input\":{\"@type\":\"PropertyValueSpecification\",\"valueRequired\":true,\"valueName\":\"search_term_string\"}}],\"inLanguage\":\"de\"},{\"@type\":\"Organization\",\"@id\":\"https:\/\/serwissejfow.pl\/#organization\",\"name\":\"Serwis Sejf\u00f3w- Zielona G\u00f3ra, Nowa S\u00f3l, Boles\u0142awiec - Profesjonalne Us\u0142ugi Serwisowe i Konserwacyjne\",\"url\":\"https:\/\/serwissejfow.pl\/\",\"logo\":{\"@type\":\"ImageObject\",\"inLanguage\":\"de\",\"@id\":\"https:\/\/serwissejfow.pl\/#\/schema\/logo\/image\/\",\"url\":\"https:\/\/serwissejfow.pl\/wp-content\/uploads\/2024\/07\/serwis-kas-pancernych.webp\",\"contentUrl\":\"https:\/\/serwissejfow.pl\/wp-content\/uploads\/2024\/07\/serwis-kas-pancernych.webp\",\"width\":172,\"height\":147,\"caption\":\"Serwis Sejf\u00f3w- Zielona G\u00f3ra, Nowa S\u00f3l, Boles\u0142awiec - Profesjonalne Us\u0142ugi Serwisowe i Konserwacyjne\"},\"image\":{\"@id\":\"https:\/\/serwissejfow.pl\/#\/schema\/logo\/image\/\"}}]}<\/script>\n<!-- \/ Yoast SEO Premium plugin. -->","yoast_head_json":{"title":"Zamek SECU S1000 \u2013 Mechaniczny Zamek Do Sejfu | VdS Klasa 1","description":"Zamek SECU S1000 \u2013 solidne zabezpieczenie do sejf\u00f3w Burg W\u00e4chter i szaf na bro\u0144. Posiada certyfikaty VdS Klasa 1 i EN 1300 A. Idealny zamiennik, dost\u0119pny w wersji prawej i lewej. Sprawd\u017a nasz\u0105 ofert\u0119!","robots":{"index":"index","follow":"follow","max-snippet":"max-snippet:-1","max-image-preview":"max-image-preview:large","max-video-preview":"max-video-preview:-1"},"canonical":"https:\/\/serwissejfow.pl\/de\/produkt\/schloss-fur-safe-secu-s1000\/","og_locale":"de_DE","og_type":"article","og_title":"Zamek do sejfu SECU S1000","og_description":"Zamek SECU S1000 \u2013 solidne zabezpieczenie do sejf\u00f3w Burg W\u00e4chter i szaf na bro\u0144. Posiada certyfikaty VdS Klasa 1 i EN 1300 A. Idealny zamiennik, dost\u0119pny w wersji prawej i lewej. Sprawd\u017a nasz\u0105 ofert\u0119!","og_url":"https:\/\/serwissejfow.pl\/de\/produkt\/schloss-fur-safe-secu-s1000\/","og_site_name":"Profesjonalny Serwis Sejf\u00f3w i Kas Pancernych","article_modified_time":"2026-03-01T11:55:58+00:00","og_image":[{"width":1024,"height":1024,"url":"https:\/\/serwissejfow.pl\/wp-content\/uploads\/2025\/09\/SECU-S1000.jpg","type":"image\/jpeg"}],"twitter_card":"summary_large_image","twitter_misc":{"Gesch\u00e4tzte Lesezeit":"1\u00a0Minute"},"schema":{"@context":"https:\/\/schema.org","@graph":[{"@type":"WebPage","@id":"https:\/\/serwissejfow.pl\/produkt\/zamek-do-sejfu-secu-s1000\/","url":"https:\/\/serwissejfow.pl\/produkt\/zamek-do-sejfu-secu-s1000\/","name":"Zamek SECU S1000 \u2013 Mechaniczny Zamek Do Sejfu | VdS Klasa 1","isPartOf":{"@id":"https:\/\/serwissejfow.pl\/#website"},"primaryImageOfPage":{"@id":"https:\/\/serwissejfow.pl\/produkt\/zamek-do-sejfu-secu-s1000\/#primaryimage"},"image":{"@id":"https:\/\/serwissejfow.pl\/produkt\/zamek-do-sejfu-secu-s1000\/#primaryimage"},"thumbnailUrl":"https:\/\/serwissejfow.pl\/wp-content\/uploads\/2025\/09\/SECU-S1000.jpg","datePublished":"2025-09-03T12:58:18+00:00","dateModified":"2026-03-01T11:55:58+00:00","description":"Zamek SECU S1000 \u2013 solidne zabezpieczenie do sejf\u00f3w Burg W\u00e4chter i szaf na bro\u0144. Posiada certyfikaty VdS Klasa 1 i EN 1300 A. Idealny zamiennik, dost\u0119pny w wersji prawej i lewej. Sprawd\u017a nasz\u0105 ofert\u0119!","breadcrumb":{"@id":"https:\/\/serwissejfow.pl\/produkt\/zamek-do-sejfu-secu-s1000\/#breadcrumb"},"inLanguage":"de","potentialAction":[{"@type":"ReadAction","target":["https:\/\/serwissejfow.pl\/produkt\/zamek-do-sejfu-secu-s1000\/"]}]},{"@type":"ImageObject","inLanguage":"de","@id":"https:\/\/serwissejfow.pl\/produkt\/zamek-do-sejfu-secu-s1000\/#primaryimage","url":"https:\/\/serwissejfow.pl\/wp-content\/uploads\/2025\/09\/SECU-S1000.jpg","contentUrl":"https:\/\/serwissejfow.pl\/wp-content\/uploads\/2025\/09\/SECU-S1000.jpg","width":1024,"height":1024,"caption":"Zamek do sejfu SECU S1000"},{"@type":"BreadcrumbList","@id":"https:\/\/serwissejfow.pl\/produkt\/zamek-do-sejfu-secu-s1000\/#breadcrumb","itemListElement":[{"@type":"ListItem","position":1,"name":"Home","item":"https:\/\/serwissejfow.pl\/"},{"@type":"ListItem","position":2,"name":"Sklep","item":"https:\/\/serwissejfow.pl\/sklep\/"},{"@type":"ListItem","position":3,"name":"Zamek do sejfu SECU S1000"}]},{"@type":"WebSite","@id":"https:\/\/serwissejfow.pl\/#website","url":"https:\/\/serwissejfow.pl\/","name":"Safe-Service \u2013 Zielona G\u00f3ra, Nowa S\u00f3l, Boles\u0142awiec \u2013 Professionelle Service- und Wartungsleistungen","description":"Awaryjne otwieranie i naprawa sejf\u00f3w \u2013 Zielona G\u00f3ra, Boles\u0142awiec, Nowa S\u00f3l, \u017bary, \u017baga\u0144, Gubin, G\u0142og\u00f3w","publisher":{"@id":"https:\/\/serwissejfow.pl\/#organization"},"potentialAction":[{"@type":"SearchAction","target":{"@type":"EntryPoint","urlTemplate":"https:\/\/serwissejfow.pl\/?s={search_term_string}"},"query-input":{"@type":"PropertyValueSpecification","valueRequired":true,"valueName":"search_term_string"}}],"inLanguage":"de"},{"@type":"Organization","@id":"https:\/\/serwissejfow.pl\/#organization","name":"Safe-Service \u2013 Zielona G\u00f3ra, Nowa S\u00f3l, Boles\u0142awiec \u2013 Professionelle Service- und Wartungsleistungen","url":"https:\/\/serwissejfow.pl\/","logo":{"@type":"ImageObject","inLanguage":"de","@id":"https:\/\/serwissejfow.pl\/#\/schema\/logo\/image\/","url":"https:\/\/serwissejfow.pl\/wp-content\/uploads\/2024\/07\/serwis-kas-pancernych.webp","contentUrl":"https:\/\/serwissejfow.pl\/wp-content\/uploads\/2024\/07\/serwis-kas-pancernych.webp","width":172,"height":147,"caption":"Serwis Sejf\u00f3w- Zielona G\u00f3ra, Nowa S\u00f3l, Boles\u0142awiec - Profesjonalne Us\u0142ugi Serwisowe i Konserwacyjne"},"image":{"@id":"https:\/\/serwissejfow.pl\/#\/schema\/logo\/image\/"}}]}},"acf":[],"_links":{"self":[{"href":"https:\/\/serwissejfow.pl\/de\/wp-json\/wp\/v2\/product\/15402","targetHints":{"allow":["GET"]}}],"collection":[{"href":"https:\/\/serwissejfow.pl\/de\/wp-json\/wp\/v2\/product"}],"about":[{"href":"https:\/\/serwissejfow.pl\/de\/wp-json\/wp\/v2\/types\/product"}],"replies":[{"embeddable":true,"href":"https:\/\/serwissejfow.pl\/de\/wp-json\/wp\/v2\/comments?post=15402"}],"version-history":[{"count":1,"href":"https:\/\/serwissejfow.pl\/de\/wp-json\/wp\/v2\/product\/15402\/revisions"}],"predecessor-version":[{"id":15404,"href":"https:\/\/serwissejfow.pl\/de\/wp-json\/wp\/v2\/product\/15402\/revisions\/15404"}],"wp:featuredmedia":[{"embeddable":true,"href":"https:\/\/serwissejfow.pl\/de\/wp-json\/wp\/v2\/media\/15403"}],"wp:attachment":[{"href":"https:\/\/serwissejfow.pl\/de\/wp-json\/wp\/v2\/media?parent=15402"}],"wp:term":[{"taxonomy":"product_brand","embeddable":true,"href":"https:\/\/serwissejfow.pl\/de\/wp-json\/wp\/v2\/product_brand?post=15402"},{"taxonomy":"product_cat","embeddable":true,"href":"https:\/\/serwissejfow.pl\/de\/wp-json\/wp\/v2\/product_cat?post=15402"},{"taxonomy":"product_tag","embeddable":true,"href":"https:\/\/serwissejfow.pl\/de\/wp-json\/wp\/v2\/product_tag?post=15402"}],"curies":[{"name":"wp","href":"https:\/\/api.w.org\/{rel}","templated":true}]}}